{"id":7479,"date":"2024-11-11T23:37:35","date_gmt":"2024-11-11T23:37:35","guid":{"rendered":"https:\/\/liturgia.o2switch.net\/lajussienne-com-sauvegarde-vieux-site\/?page_id=7479"},"modified":"2024-11-12T00:07:42","modified_gmt":"2024-11-12T00:07:42","slug":"appartement-historique-pour-sejourner-au-coeur-de-paris","status":"publish","type":"page","link":"https:\/\/liturgia.o2switch.net\/lajussienne-com-sauvegarde-vieux-site\/appartement-historique-pour-sejourner-au-coeur-de-paris\/","title":{"rendered":"Appartement historique pour s\u00e9journer au c\u0153ur de Paris"},"content":{"rendered":"\t\t<div data-elementor-type=\"wp-page\" data-elementor-id=\"7479\" class=\"elementor elementor-7479\" data-elementor-post-type=\"page\">\n\t\t\t\t\t\t<section class=\"elementor-section elementor-top-section elementor-element elementor-element-3ebdcf47 elementor-section-stretched elementor-section-height-min-height elementor-section-boxed elementor-section-height-default elementor-section-items-middle\" data-id=\"3ebdcf47\" data-element_type=\"section\" data-settings=\"{&quot;stretch_section&quot;:&quot;section-stretched&quot;,&quot;background_background&quot;:&quot;classic&quot;}\">\n\t\t\t\t\t\t<div class=\"elementor-container elementor-column-gap-default\">\n\t\t\t\t\t<div class=\"elementor-column elementor-col-50 elementor-top-column elementor-element elementor-element-4b707cb1\" data-id=\"4b707cb1\" data-element_type=\"column\" data-settings=\"{&quot;background_background&quot;:&quot;classic&quot;}\">\n\t\t\t<div class=\"elementor-widget-wrap elementor-element-populated\">\n\t\t\t\t\t\t<div class=\"elementor-element elementor-element-5b1d0aa animated-slow elementor-invisible elementor-widget elementor-widget-heading\" data-id=\"5b1d0aa\" data-element_type=\"widget\" data-settings=\"{&quot;_animation&quot;:&quot;fadeInUp&quot;}\" data-widget_type=\"heading.default\">\n\t\t\t\t<div class=\"elementor-widget-container\">\n\t\t\t<h2 class=\"elementor-heading-title elementor-size-default\">Un s\u00e9jour atypique \u00e0 Paris !<\/h2>\t\t<\/div>\n\t\t\t\t<\/div>\n\t\t\t\t<div class=\"elementor-element elementor-element-7a403791 animated-slow elementor-invisible elementor-widget elementor-widget-heading\" data-id=\"7a403791\" data-element_type=\"widget\" data-settings=\"{&quot;_animation&quot;:&quot;fadeInUp&quot;,&quot;_animation_delay&quot;:&quot;100&quot;}\" data-widget_type=\"heading.default\">\n\t\t\t\t<div class=\"elementor-widget-container\">\n\t\t\t<h2 class=\"elementor-heading-title elementor-size-default\">Appartement historique<\/h2>\t\t<\/div>\n\t\t\t\t<\/div>\n\t\t\t\t<div class=\"elementor-element elementor-element-61f2984a animated-slow elementor-invisible elementor-widget elementor-widget-heading\" data-id=\"61f2984a\" data-element_type=\"widget\" data-settings=\"{&quot;_animation&quot;:&quot;fadeInUp&quot;,&quot;_animation_delay&quot;:&quot;399&quot;}\" data-widget_type=\"heading.default\">\n\t\t\t\t<div class=\"elementor-widget-container\">\n\t\t\t<h2 class=\"elementor-heading-title elementor-size-default\">La Jussienne<\/h2>\t\t<\/div>\n\t\t\t\t<\/div>\n\t\t\t\t<div class=\"elementor-element elementor-element-6f65d273 elementor-invisible elementor-widget elementor-widget-text-editor\" data-id=\"6f65d273\" data-element_type=\"widget\" data-settings=\"{&quot;_animation&quot;:&quot;fadeIn&quot;}\" data-widget_type=\"text-editor.default\">\n\t\t\t\t<div class=\"elementor-widget-container\">\n\t\t\t\t\t\t\t<p>S\u00e9journez dans un appartement historique au sein de l&rsquo;h\u00f4tel particulier de la c\u00e9l\u00e8bre Madame du Barry !<\/p>\t\t\t\t\t\t<\/div>\n\t\t\t\t<\/div>\n\t\t\t\t\t<\/div>\n\t\t<\/div>\n\t\t\t\t<div class=\"elementor-column elementor-col-50 elementor-top-column elementor-element elementor-element-6016ad16\" data-id=\"6016ad16\" data-element_type=\"column\">\n\t\t\t<div class=\"elementor-widget-wrap\">\n\t\t\t\t\t\t\t<\/div>\n\t\t<\/div>\n\t\t\t\t\t<\/div>\n\t\t<\/section>\n\t\t\t\t<section class=\"elementor-section elementor-top-section elementor-element elementor-element-94b587b elementor-section-full_width elementor-section-height-default elementor-section-height-default\" data-id=\"94b587b\" data-element_type=\"section\">\n\t\t\t\t\t\t<div class=\"elementor-container elementor-column-gap-default\">\n\t\t\t\t\t<div class=\"elementor-column elementor-col-100 elementor-top-column elementor-element elementor-element-88d242f\" data-id=\"88d242f\" data-element_type=\"column\">\n\t\t\t<div class=\"elementor-widget-wrap elementor-element-populated\">\n\t\t\t\t\t\t<div class=\"elementor-element elementor-element-53d352c elementor-widget elementor-widget-text-editor\" data-id=\"53d352c\" data-element_type=\"widget\" data-widget_type=\"text-editor.default\">\n\t\t\t\t<div class=\"elementor-widget-container\">\n\t\t\t\t\t\t\t<iframe id=\"bookingengine\" style=\"display: block;\" src=\"https:\/\/app.superhote.com\/#\/rental\/propertyKeyynY3b1eJz5PbQlt5o3rnCAEpm\" width=\"100%\" height=\"3879\" frameborder=\"0\" allowfullscreen=\"allowfullscreen\"><\/iframe>\t\t\t\t\t\t<\/div>\n\t\t\t\t<\/div>\n\t\t\t\t\t<\/div>\n\t\t<\/div>\n\t\t\t\t\t<\/div>\n\t\t<\/section>\n\t\t\t\t<section class=\"elementor-section elementor-top-section elementor-element elementor-element-147f2ead elementor-section-content-middle elementor-section-boxed elementor-section-height-default elementor-section-height-default\" data-id=\"147f2ead\" data-element_type=\"section\" data-settings=\"{&quot;background_background&quot;:&quot;classic&quot;}\">\n\t\t\t\t\t\t<div class=\"elementor-container elementor-column-gap-default\">\n\t\t\t\t\t<div class=\"elementor-column elementor-col-100 elementor-top-column elementor-element elementor-element-481057f\" data-id=\"481057f\" data-element_type=\"column\">\n\t\t\t<div class=\"elementor-widget-wrap elementor-element-populated\">\n\t\t\t\t\t<div class=\"elementor-background-overlay\"><\/div>\n\t\t\t\t\t\t<section class=\"elementor-section elementor-inner-section elementor-element elementor-element-5663f554 elementor-section-content-middle elementor-section-boxed elementor-section-height-default elementor-section-height-default\" data-id=\"5663f554\" data-element_type=\"section\">\n\t\t\t\t\t\t<div class=\"elementor-container elementor-column-gap-default\">\n\t\t\t\t\t<div class=\"elementor-column elementor-col-100 elementor-inner-column elementor-element elementor-element-25638375\" data-id=\"25638375\" data-element_type=\"column\">\n\t\t\t<div class=\"elementor-widget-wrap elementor-element-populated\">\n\t\t\t\t\t\t<div class=\"elementor-element elementor-element-66334311 elementor-widget elementor-widget-image\" data-id=\"66334311\" data-element_type=\"widget\" data-widget_type=\"image.default\">\n\t\t\t\t<div class=\"elementor-widget-container\">\n\t\t\t\t\t\t\t\t\t\t\t\t\t\t<a href=\"https:\/\/liturgia.o2switch.net\/lajussienne-com-sauvegarde-vieux-site\/wp-content\/uploads\/2020\/03\/La-Jussienne-location-tournage-a-Paris.jpg\" data-elementor-open-lightbox=\"yes\" data-elementor-lightbox-title=\"La Jussienne - h\u00f4tel du Barry : location pour tournage \u00e0 Paris\" data-elementor-lightbox-description=\"La Jussienne - h\u00f4tel du Barry : visites priv\u00e9es - location pour tournage \u00e0 Paris\" data-e-action-hash=\"#elementor-action%3Aaction%3Dlightbox%26settings%3DeyJpZCI6MTM1LCJ1cmwiOiJodHRwczpcL1wvbGl0dXJnaWEubzJzd2l0Y2gubmV0XC9sYWp1c3NpZW5uZS1jb20tc2F1dmVnYXJkZS12aWV1eC1zaXRlXC93cC1jb250ZW50XC91cGxvYWRzXC8yMDIwXC8wM1wvTGEtSnVzc2llbm5lLWxvY2F0aW9uLXRvdXJuYWdlLWEtUGFyaXMuanBnIn0%3D\">\n\t\t\t\t\t\t\t<img fetchpriority=\"high\" decoding=\"async\" width=\"768\" height=\"512\" src=\"https:\/\/liturgia.o2switch.net\/lajussienne-com-sauvegarde-vieux-site\/wp-content\/uploads\/2020\/03\/La-Jussienne-location-tournage-a-Paris-768x512.jpg\" class=\"attachment-medium_large size-medium_large wp-image-135\" alt=\"La Jussienne - h\u00f4tel du Barry : visites priv\u00e9es - location pour tournage \u00e0 Paris\" srcset=\"https:\/\/liturgia.o2switch.net\/lajussienne-com-sauvegarde-vieux-site\/wp-content\/uploads\/2020\/03\/La-Jussienne-location-tournage-a-Paris-768x512.jpg 768w, https:\/\/liturgia.o2switch.net\/lajussienne-com-sauvegarde-vieux-site\/wp-content\/uploads\/2020\/03\/La-Jussienne-location-tournage-a-Paris-600x400.jpg 600w, https:\/\/liturgia.o2switch.net\/lajussienne-com-sauvegarde-vieux-site\/wp-content\/uploads\/2020\/03\/La-Jussienne-location-tournage-a-Paris-300x200.jpg 300w, https:\/\/liturgia.o2switch.net\/lajussienne-com-sauvegarde-vieux-site\/wp-content\/uploads\/2020\/03\/La-Jussienne-location-tournage-a-Paris-1024x682.jpg 1024w, https:\/\/liturgia.o2switch.net\/lajussienne-com-sauvegarde-vieux-site\/wp-content\/uploads\/2020\/03\/La-Jussienne-location-tournage-a-Paris-1536x1024.jpg 1536w, https:\/\/liturgia.o2switch.net\/lajussienne-com-sauvegarde-vieux-site\/wp-content\/uploads\/2020\/03\/La-Jussienne-location-tournage-a-Paris-2048x1365.jpg 2048w\" sizes=\"(max-width: 768px) 100vw, 768px\" \/>\t\t\t\t\t\t\t\t<\/a>\n\t\t\t\t\t\t\t\t\t\t\t\t\t<\/div>\n\t\t\t\t<\/div>\n\t\t\t\t\t<\/div>\n\t\t<\/div>\n\t\t\t\t<div class=\"elementor-column elementor-col-100 elementor-inner-column elementor-element elementor-element-13b9e554\" data-id=\"13b9e554\" data-element_type=\"column\">\n\t\t\t<div class=\"elementor-widget-wrap elementor-element-populated\">\n\t\t\t\t\t\t<div class=\"elementor-element elementor-element-44723b6e elementor-widget elementor-widget-text-editor\" data-id=\"44723b6e\" data-element_type=\"widget\" data-widget_type=\"text-editor.default\">\n\t\t\t\t<div class=\"elementor-widget-container\">\n\t\t\t\t\t\t\t<p><span style=\"color: #ffffff; font-family: Roboto, sans-serif; font-size: 25px; white-space: pre-wrap; text-align: justify;\">Dans un immeuble historique \u00e9difi\u00e9 en 1752 par l&rsquo;architecte du roi Louis XV, Denis Quirot, qui fut habit\u00e9 par le comte &amp; la comtesse du Barry, puis par le marquis Dupleix, un lieu atypique vous ouvre ses portes.<\/span><\/p>\t\t\t\t\t\t<\/div>\n\t\t\t\t<\/div>\n\t\t\t\t\t<\/div>\n\t\t<\/div>\n\t\t\t\t\t<\/div>\n\t\t<\/section>\n\t\t\t\t\t<\/div>\n\t\t<\/div>\n\t\t\t\t\t<\/div>\n\t\t<\/section>\n\t\t\t\t<section class=\"elementor-section elementor-top-section elementor-element elementor-element-5dbd9a47 elementor-section-stretched elementor-section-boxed elementor-section-height-default elementor-section-height-default\" data-id=\"5dbd9a47\" data-element_type=\"section\" data-settings=\"{&quot;stretch_section&quot;:&quot;section-stretched&quot;,&quot;background_background&quot;:&quot;classic&quot;}\">\n\t\t\t\t\t\t<div class=\"elementor-container elementor-column-gap-default\">\n\t\t\t\t\t<div class=\"elementor-column elementor-col-100 elementor-top-column elementor-element elementor-element-77021bd2\" data-id=\"77021bd2\" data-element_type=\"column\">\n\t\t\t<div class=\"elementor-widget-wrap elementor-element-populated\">\n\t\t\t\t\t\t<div class=\"elementor-element elementor-element-7f9f5460 elementor-shape-rounded elementor-grid-0 e-grid-align-center elementor-widget elementor-widget-social-icons\" data-id=\"7f9f5460\" data-element_type=\"widget\" data-widget_type=\"social-icons.default\">\n\t\t\t\t<div class=\"elementor-widget-container\">\n\t\t\t\t\t<div class=\"elementor-social-icons-wrapper elementor-grid\">\n\t\t\t\t\t\t\t<span class=\"elementor-grid-item\">\n\t\t\t\t\t<a class=\"elementor-icon elementor-social-icon elementor-social-icon-facebook elementor-repeater-item-125334d\" href=\"https:\/\/www.facebook.com\/LaJussienne\/\" target=\"_blank\">\n\t\t\t\t\t\t<span class=\"elementor-screen-only\">Facebook<\/span>\n\t\t\t\t\t\t<i class=\"fab fa-facebook\"><\/i>\t\t\t\t\t<\/a>\n\t\t\t\t<\/span>\n\t\t\t\t\t\t\t<span class=\"elementor-grid-item\">\n\t\t\t\t\t<a class=\"elementor-icon elementor-social-icon elementor-social-icon-instagram elementor-repeater-item-6e612c7\" href=\"https:\/\/www.instagram.com\/lajussienne\/\" target=\"_blank\">\n\t\t\t\t\t\t<span class=\"elementor-screen-only\">Instagram<\/span>\n\t\t\t\t\t\t<i class=\"fab fa-instagram\"><\/i>\t\t\t\t\t<\/a>\n\t\t\t\t<\/span>\n\t\t\t\t\t\t\t<span class=\"elementor-grid-item\">\n\t\t\t\t\t<a class=\"elementor-icon elementor-social-icon elementor-social-icon-vk elementor-repeater-item-4b157a5\" href=\"https:\/\/vk.com\/public207882872\" target=\"_blank\">\n\t\t\t\t\t\t<span class=\"elementor-screen-only\">Vk<\/span>\n\t\t\t\t\t\t<i class=\"fab fa-vk\"><\/i>\t\t\t\t\t<\/a>\n\t\t\t\t<\/span>\n\t\t\t\t\t\t\t<span class=\"elementor-grid-item\">\n\t\t\t\t\t<a class=\"elementor-icon elementor-social-icon elementor-social-icon-linkedin elementor-repeater-item-fc1a401\" href=\"https:\/\/www.linkedin.com\/company\/lajussienne\/\" target=\"_blank\">\n\t\t\t\t\t\t<span class=\"elementor-screen-only\">Linkedin<\/span>\n\t\t\t\t\t\t<i class=\"fab fa-linkedin\"><\/i>\t\t\t\t\t<\/a>\n\t\t\t\t<\/span>\n\t\t\t\t\t<\/div>\n\t\t\t\t<\/div>\n\t\t\t\t<\/div>\n\t\t\t\t\t<\/div>\n\t\t<\/div>\n\t\t\t\t\t<\/div>\n\t\t<\/section>\n\t\t\t\t<\/div>\n\t\t","protected":false},"excerpt":{"rendered":"<p>Un s\u00e9jour atypique \u00e0 Paris ! Appartement historique La Jussienne S\u00e9journez dans un appartement historique au sein de l&rsquo;h\u00f4tel particulier de la c\u00e9l\u00e8bre Madame du Barry ! Dans un immeuble historique \u00e9difi\u00e9 en 1752 par l&rsquo;architecte du roi Louis XV, Denis Quirot, qui fut habit\u00e9 par le comte &amp; la comtesse du Barry, puis par &#8230; <a title=\"Appartement historique pour s\u00e9journer au c\u0153ur de Paris\" class=\"read-more\" href=\"https:\/\/liturgia.o2switch.net\/lajussienne-com-sauvegarde-vieux-site\/appartement-historique-pour-sejourner-au-coeur-de-paris\/\" aria-label=\"En savoir plus sur Appartement historique pour s\u00e9journer au c\u0153ur de Paris\">Lire plus<\/a><\/p>\n","protected":false},"author":1,"featured_media":0,"parent":0,"menu_order":0,"comment_status":"closed","ping_status":"closed","template":"elementor_header_footer","meta":{"footnotes":""},"class_list":{"0":"post-7479","1":"page","2":"type-page","3":"status-publish","5":"infinite-scroll-item"},"yoast_head":"<!-- This site is optimized with the Yoast SEO plugin v24.6 - https:\/\/yoast.com\/wordpress\/plugins\/seo\/ -->\n<title>Appartement historique \u00e0 louer au c\u0153ur de Paris | H\u00f4tel du Barry<\/title>\n<meta name=\"description\" content=\"Vivez une exp\u00e9rience hors du temps : s\u00e9journez dans un appartement dans un monument historique : l&#039;h\u00f4tel de Madame du Barry. Min 1 nuit.\" \/>\n<meta name=\"robots\" content=\"noindex, follow, max-snippet:-1, max-image-preview:large, max-video-preview:-1\" \/>\n<meta property=\"og:locale\" content=\"fr_FR\" \/>\n<meta property=\"og:type\" content=\"article\" \/>\n<meta property=\"og:title\" content=\"Appartement historique \u00e0 louer au c\u0153ur de Paris | H\u00f4tel du Barry\" \/>\n<meta property=\"og:description\" content=\"Vivez une exp\u00e9rience hors du temps : s\u00e9journez dans un appartement dans un monument historique : l&#039;h\u00f4tel de Madame du Barry. Min 1 nuit.\" \/>\n<meta property=\"og:url\" content=\"https:\/\/liturgia.o2switch.net\/lajussienne-com-sauvegarde-vieux-site\/appartement-historique-pour-sejourner-au-coeur-de-paris\/\" \/>\n<meta property=\"og:site_name\" content=\"La Jussienne\" \/>\n<meta property=\"article:modified_time\" content=\"2024-11-12T00:07:42+00:00\" \/>\n<meta property=\"og:image\" content=\"https:\/\/liturgia.o2switch.net\/lajussienne-com-sauvegarde-vieux-site\/wp-content\/uploads\/2020\/03\/La-Jussienne-location-tournage-a-Paris.jpg\" \/>\n\t<meta property=\"og:image:width\" content=\"2560\" \/>\n\t<meta property=\"og:image:height\" content=\"1706\" \/>\n\t<meta property=\"og:image:type\" content=\"image\/jpeg\" \/>\n<meta name=\"twitter:card\" content=\"summary_large_image\" \/>\n<meta name=\"twitter:label1\" content=\"Dur\u00e9e de lecture estim\u00e9e\" \/>\n\t<meta name=\"twitter:data1\" content=\"1 minute\" \/>\n<script type=\"application\/ld+json\" class=\"yoast-schema-graph\">{\"@context\":\"https:\/\/schema.org\",\"@graph\":[{\"@type\":\"WebPage\",\"@id\":\"https:\/\/liturgia.o2switch.net\/lajussienne-com-sauvegarde-vieux-site\/appartement-historique-pour-sejourner-au-coeur-de-paris\/\",\"url\":\"https:\/\/liturgia.o2switch.net\/lajussienne-com-sauvegarde-vieux-site\/appartement-historique-pour-sejourner-au-coeur-de-paris\/\",\"name\":\"Appartement historique \u00e0 louer au c\u0153ur de Paris | H\u00f4tel du Barry\",\"isPartOf\":{\"@id\":\"https:\/\/liturgia.o2switch.net\/lajussienne-com-sauvegarde-vieux-site\/#website\"},\"primaryImageOfPage\":{\"@id\":\"https:\/\/liturgia.o2switch.net\/lajussienne-com-sauvegarde-vieux-site\/appartement-historique-pour-sejourner-au-coeur-de-paris\/#primaryimage\"},\"image\":{\"@id\":\"https:\/\/liturgia.o2switch.net\/lajussienne-com-sauvegarde-vieux-site\/appartement-historique-pour-sejourner-au-coeur-de-paris\/#primaryimage\"},\"thumbnailUrl\":\"https:\/\/liturgia.o2switch.net\/lajussienne-com-sauvegarde-vieux-site\/wp-content\/uploads\/2020\/03\/La-Jussienne-location-tournage-a-Paris-768x512.jpg\",\"datePublished\":\"2024-11-11T23:37:35+00:00\",\"dateModified\":\"2024-11-12T00:07:42+00:00\",\"description\":\"Vivez une exp\u00e9rience hors du temps : s\u00e9journez dans un appartement dans un monument historique : l'h\u00f4tel de Madame du Barry. Min 1 nuit.\",\"breadcrumb\":{\"@id\":\"https:\/\/liturgia.o2switch.net\/lajussienne-com-sauvegarde-vieux-site\/appartement-historique-pour-sejourner-au-coeur-de-paris\/#breadcrumb\"},\"inLanguage\":\"fr-FR\",\"potentialAction\":[{\"@type\":\"ReadAction\",\"target\":[\"https:\/\/liturgia.o2switch.net\/lajussienne-com-sauvegarde-vieux-site\/appartement-historique-pour-sejourner-au-coeur-de-paris\/\"]}]},{\"@type\":\"ImageObject\",\"inLanguage\":\"fr-FR\",\"@id\":\"https:\/\/liturgia.o2switch.net\/lajussienne-com-sauvegarde-vieux-site\/appartement-historique-pour-sejourner-au-coeur-de-paris\/#primaryimage\",\"url\":\"https:\/\/liturgia.o2switch.net\/lajussienne-com-sauvegarde-vieux-site\/wp-content\/uploads\/2020\/03\/La-Jussienne-location-tournage-a-Paris.jpg\",\"contentUrl\":\"https:\/\/liturgia.o2switch.net\/lajussienne-com-sauvegarde-vieux-site\/wp-content\/uploads\/2020\/03\/La-Jussienne-location-tournage-a-Paris.jpg\",\"width\":2560,\"height\":1706,\"caption\":\"La Jussienne - h\u00f4tel du Barry : visites priv\u00e9es - location pour tournage \u00e0 Paris\"},{\"@type\":\"BreadcrumbList\",\"@id\":\"https:\/\/liturgia.o2switch.net\/lajussienne-com-sauvegarde-vieux-site\/appartement-historique-pour-sejourner-au-coeur-de-paris\/#breadcrumb\",\"itemListElement\":[{\"@type\":\"ListItem\",\"position\":1,\"name\":\"Accueil\",\"item\":\"https:\/\/liturgia.o2switch.net\/lajussienne-com-sauvegarde-vieux-site\/\"},{\"@type\":\"ListItem\",\"position\":2,\"name\":\"Appartement historique pour s\u00e9journer au c\u0153ur de Paris\"}]},{\"@type\":\"WebSite\",\"@id\":\"https:\/\/liturgia.o2switch.net\/lajussienne-com-sauvegarde-vieux-site\/#website\",\"url\":\"https:\/\/liturgia.o2switch.net\/lajussienne-com-sauvegarde-vieux-site\/\",\"name\":\"La Jussienne\",\"description\":\"Un art de vivre \u00e0 la fran\u00e7aise\",\"potentialAction\":[{\"@type\":\"SearchAction\",\"target\":{\"@type\":\"EntryPoint\",\"urlTemplate\":\"https:\/\/liturgia.o2switch.net\/lajussienne-com-sauvegarde-vieux-site\/?s={search_term_string}\"},\"query-input\":{\"@type\":\"PropertyValueSpecification\",\"valueRequired\":true,\"valueName\":\"search_term_string\"}}],\"inLanguage\":\"fr-FR\"}]}<\/script>\n<!-- \/ Yoast SEO plugin. -->","yoast_head_json":{"title":"Appartement historique \u00e0 louer au c\u0153ur de Paris | H\u00f4tel du Barry","description":"Vivez une exp\u00e9rience hors du temps : s\u00e9journez dans un appartement dans un monument historique : l'h\u00f4tel de Madame du Barry. Min 1 nuit.","robots":{"index":"noindex","follow":"follow","max-snippet":"max-snippet:-1","max-image-preview":"max-image-preview:large","max-video-preview":"max-video-preview:-1"},"og_locale":"fr_FR","og_type":"article","og_title":"Appartement historique \u00e0 louer au c\u0153ur de Paris | H\u00f4tel du Barry","og_description":"Vivez une exp\u00e9rience hors du temps : s\u00e9journez dans un appartement dans un monument historique : l'h\u00f4tel de Madame du Barry. Min 1 nuit.","og_url":"https:\/\/liturgia.o2switch.net\/lajussienne-com-sauvegarde-vieux-site\/appartement-historique-pour-sejourner-au-coeur-de-paris\/","og_site_name":"La Jussienne","article_modified_time":"2024-11-12T00:07:42+00:00","og_image":[{"width":2560,"height":1706,"url":"https:\/\/liturgia.o2switch.net\/lajussienne-com-sauvegarde-vieux-site\/wp-content\/uploads\/2020\/03\/La-Jussienne-location-tournage-a-Paris.jpg","type":"image\/jpeg"}],"twitter_card":"summary_large_image","twitter_misc":{"Dur\u00e9e de lecture estim\u00e9e":"1 minute"},"schema":{"@context":"https:\/\/schema.org","@graph":[{"@type":"WebPage","@id":"https:\/\/liturgia.o2switch.net\/lajussienne-com-sauvegarde-vieux-site\/appartement-historique-pour-sejourner-au-coeur-de-paris\/","url":"https:\/\/liturgia.o2switch.net\/lajussienne-com-sauvegarde-vieux-site\/appartement-historique-pour-sejourner-au-coeur-de-paris\/","name":"Appartement historique \u00e0 louer au c\u0153ur de Paris | H\u00f4tel du Barry","isPartOf":{"@id":"https:\/\/liturgia.o2switch.net\/lajussienne-com-sauvegarde-vieux-site\/#website"},"primaryImageOfPage":{"@id":"https:\/\/liturgia.o2switch.net\/lajussienne-com-sauvegarde-vieux-site\/appartement-historique-pour-sejourner-au-coeur-de-paris\/#primaryimage"},"image":{"@id":"https:\/\/liturgia.o2switch.net\/lajussienne-com-sauvegarde-vieux-site\/appartement-historique-pour-sejourner-au-coeur-de-paris\/#primaryimage"},"thumbnailUrl":"https:\/\/liturgia.o2switch.net\/lajussienne-com-sauvegarde-vieux-site\/wp-content\/uploads\/2020\/03\/La-Jussienne-location-tournage-a-Paris-768x512.jpg","datePublished":"2024-11-11T23:37:35+00:00","dateModified":"2024-11-12T00:07:42+00:00","description":"Vivez une exp\u00e9rience hors du temps : s\u00e9journez dans un appartement dans un monument historique : l'h\u00f4tel de Madame du Barry. Min 1 nuit.","breadcrumb":{"@id":"https:\/\/liturgia.o2switch.net\/lajussienne-com-sauvegarde-vieux-site\/appartement-historique-pour-sejourner-au-coeur-de-paris\/#breadcrumb"},"inLanguage":"fr-FR","potentialAction":[{"@type":"ReadAction","target":["https:\/\/liturgia.o2switch.net\/lajussienne-com-sauvegarde-vieux-site\/appartement-historique-pour-sejourner-au-coeur-de-paris\/"]}]},{"@type":"ImageObject","inLanguage":"fr-FR","@id":"https:\/\/liturgia.o2switch.net\/lajussienne-com-sauvegarde-vieux-site\/appartement-historique-pour-sejourner-au-coeur-de-paris\/#primaryimage","url":"https:\/\/liturgia.o2switch.net\/lajussienne-com-sauvegarde-vieux-site\/wp-content\/uploads\/2020\/03\/La-Jussienne-location-tournage-a-Paris.jpg","contentUrl":"https:\/\/liturgia.o2switch.net\/lajussienne-com-sauvegarde-vieux-site\/wp-content\/uploads\/2020\/03\/La-Jussienne-location-tournage-a-Paris.jpg","width":2560,"height":1706,"caption":"La Jussienne - h\u00f4tel du Barry : visites priv\u00e9es - location pour tournage \u00e0 Paris"},{"@type":"BreadcrumbList","@id":"https:\/\/liturgia.o2switch.net\/lajussienne-com-sauvegarde-vieux-site\/appartement-historique-pour-sejourner-au-coeur-de-paris\/#breadcrumb","itemListElement":[{"@type":"ListItem","position":1,"name":"Accueil","item":"https:\/\/liturgia.o2switch.net\/lajussienne-com-sauvegarde-vieux-site\/"},{"@type":"ListItem","position":2,"name":"Appartement historique pour s\u00e9journer au c\u0153ur de Paris"}]},{"@type":"WebSite","@id":"https:\/\/liturgia.o2switch.net\/lajussienne-com-sauvegarde-vieux-site\/#website","url":"https:\/\/liturgia.o2switch.net\/lajussienne-com-sauvegarde-vieux-site\/","name":"La Jussienne","description":"Un art de vivre \u00e0 la fran\u00e7aise","potentialAction":[{"@type":"SearchAction","target":{"@type":"EntryPoint","urlTemplate":"https:\/\/liturgia.o2switch.net\/lajussienne-com-sauvegarde-vieux-site\/?s={search_term_string}"},"query-input":{"@type":"PropertyValueSpecification","valueRequired":true,"valueName":"search_term_string"}}],"inLanguage":"fr-FR"}]}},"_links":{"self":[{"href":"https:\/\/liturgia.o2switch.net\/lajussienne-com-sauvegarde-vieux-site\/wp-json\/wp\/v2\/pages\/7479","targetHints":{"allow":["GET"]}}],"collection":[{"href":"https:\/\/liturgia.o2switch.net\/lajussienne-com-sauvegarde-vieux-site\/wp-json\/wp\/v2\/pages"}],"about":[{"href":"https:\/\/liturgia.o2switch.net\/lajussienne-com-sauvegarde-vieux-site\/wp-json\/wp\/v2\/types\/page"}],"author":[{"embeddable":true,"href":"https:\/\/liturgia.o2switch.net\/lajussienne-com-sauvegarde-vieux-site\/wp-json\/wp\/v2\/users\/1"}],"replies":[{"embeddable":true,"href":"https:\/\/liturgia.o2switch.net\/lajussienne-com-sauvegarde-vieux-site\/wp-json\/wp\/v2\/comments?post=7479"}],"version-history":[{"count":38,"href":"https:\/\/liturgia.o2switch.net\/lajussienne-com-sauvegarde-vieux-site\/wp-json\/wp\/v2\/pages\/7479\/revisions"}],"predecessor-version":[{"id":7523,"href":"https:\/\/liturgia.o2switch.net\/lajussienne-com-sauvegarde-vieux-site\/wp-json\/wp\/v2\/pages\/7479\/revisions\/7523"}],"wp:attachment":[{"href":"https:\/\/liturgia.o2switch.net\/lajussienne-com-sauvegarde-vieux-site\/wp-json\/wp\/v2\/media?parent=7479"}],"curies":[{"name":"wp","href":"https:\/\/api.w.org\/{rel}","templated":true}]}}