{"id":6975,"date":"2023-10-30T14:00:12","date_gmt":"2023-10-30T14:00:12","guid":{"rendered":"https:\/\/liturgia.o2switch.net\/lajussienne-com-sauvegarde-vieux-site\/?post_type=product&#038;p=6975"},"modified":"2024-06-17T16:33:54","modified_gmt":"2024-06-17T16:33:54","slug":"rafraichissoir-en-porcelaine-armorie-de-la-maison-samson","status":"publish","type":"product","link":"https:\/\/liturgia.o2switch.net\/lajussienne-com-sauvegarde-vieux-site\/produit\/rafraichissoir-en-porcelaine-armorie-de-la-maison-samson\/","title":{"rendered":"Rafra\u00eechissoir en porcelaine armori\u00e9 de la maison Samson"},"content":{"rendered":"<p>Ce <strong>rafra\u00eechissoir en porcelaine<\/strong> peint et d\u00e9cor\u00e9 \u00e0 la main de blason armori\u00e9, de fleurs et de rinceaux est une \u0153uvre de la c\u00e9l\u00e8bre maison Samson.<\/p>\n<p>Ce rafra\u00eechissoir en porcelaine comporte un blason fantaisiste dans le go\u00fbt de la Compagnie des Indes, typique des productions de la manufacture de Samson au XIX<sup>\u00e8me<\/sup> si\u00e8cle. Cette pi\u00e8ce en parfait \u00e9tat entend \u00e9galement imiter les productions de S\u00e8vres, comme en t\u00e9moigne en particulier ses bouquets de fleurs peintes \u00e0 la main sur porcelaine. Ce rafra\u00eechissoir porte la marque de fabrique de la manufacture Samson (en r\u00e8gle g\u00e9n\u00e9rale, les Samson sont marqu\u00e9s d&rsquo;un monogramme imitant une chinoiserie o\u00f9 figure de fa\u00e7on tr\u00e8s stylis\u00e9e le S du porcelainier, adapt\u00e9 de fa\u00e7ons diverses).<\/p>\n<p><strong>Edme Samson<\/strong> n&rsquo;est initialement que r\u00e9parateur de porcelaine d&rsquo;origine alsacienne, mais sa dext\u00e9rit\u00e9 le pousse \u00e0 ouvrir un pari, celui de refaire \u00e0 la perfection des pi\u00e8ces du XVIII<sup>\u00e8me<\/sup> si\u00e8cle. Vers 1845, il ouvre une premi\u00e8re fabrique \u00e0 Saint-Maurice, pr\u00e8s de Paris ; puis, en 1864, le voil\u00e0 install\u00e9 \u00e0 Montreuil, avec un atelier de d\u00e9coration \u00e0 Paris, dans la rue B\u00e9ranger. D\u00e8s le d\u00e9but, son objectif \u00e9tait clair : perp\u00e9tuer les m\u00e9thodes traditionnelles de fabrication de la porcelaine, en se basant sur les mod\u00e8les classiques de S\u00e8vres, de la Chine imp\u00e9riale et de la Renaissance italienne. Sa passion pour l&rsquo;art de la porcelaine l&rsquo;a pouss\u00e9 \u00e0 explorer les techniques de d\u00e9coration et \u00e0 s&rsquo;efforcer de cr\u00e9er des pi\u00e8ces d&rsquo;une grande qualit\u00e9, tant sur le plan esth\u00e9tique que technique.<\/p>\n<p>La Maison Samson a rapidement acquis une excellente r\u00e9putation pour la qualit\u00e9 de sa production. Edme Samson et son \u00e9quipe de talentueux artistes et artisans ont produit des <strong>r\u00e9pliques exquises<\/strong> de porcelaines anciennes, \u00e0 tel point qu&rsquo;il \u00e9tait parfois difficile de les distinguer des originaux. Les services de table, les vases, les figurines et les objets d&rsquo;art cr\u00e9\u00e9s par la Maison Samson \u00e9taient recherch\u00e9s par des collectionneurs et des amateurs du monde entier.<\/p>\n<p>La passion et l&rsquo;artisanat exceptionnel de la Maison Samson demeurent une source d&rsquo;inspiration pour les amateurs d&rsquo;art et de porcelaine du monde entier.<\/p>\n<p>Un <strong>rafra\u00eechissoir<\/strong> est un r\u00e9cipient qui servait \u00e0 rafra\u00eechir les bouteilles ou les verres. Fait en m\u00e9tal pr\u00e9cieux, en t\u00f4le peinte, en porcelaine ou en fa\u00efence, le rafra\u00eechissoir est g\u00e9n\u00e9ralement ovale ou circulaire. Pour \u00eatre facilement d\u00e9plac\u00e9, il pr\u00e9sente des anses lat\u00e9rales ou des anneaux sur les c\u00f4t\u00e9. D\u00e8s le XVI<sup>\u00e8me<\/sup> si\u00e8cle, ils deviennent des objets ornementaux qui fait pleinement partie du d\u00e9cor des tables, et, partant, de l&rsquo;art de recevoir.<\/p>\n<p><a href=\"https:\/\/liturgia.o2switch.net\/lajussienne-com-sauvegarde-vieux-site\/categorie-produit\/antiquites\/\">Retrouvez nos autres antiquit\u00e9s sur notre site<\/a>.<\/p>\n<p>Notre prix ne comprend pas les frais de port (remise possible sur Paris, sinon contacter <a href=\"https:\/\/www.thepackengers.com\/fr\/contact\" rel=\"noopener\" target=\"_blank\">ThePackengers<\/a>)<\/p>\n","protected":false},"excerpt":{"rendered":"<p>Rafra\u00eechissoir armori\u00e9 en porcelaine de Paris, d&rsquo;\u00e9poque XIX<sup>\u00e8me<\/sup> si\u00e8cle.<br \/>\nCette pi\u00e8ce d\u00e9licatement orn\u00e9e est de la fabrication de la c\u00e9l\u00e8bre maison Samson, connue pour ses imitations des porcelaines de la Compagnie des Indes, et recherch\u00e9es de nos jours pour cela.<br \/>\nD\u00e9cor finement peint \u00e0 la main.<br \/>\nEn parfait \u00e9tat : ni cheveu, ni \u00e9grenure. Sonne parfaitement.<\/p>\n<ul>Dimensions :<\/p>\n<li>Diam\u00e8tre \u00e0 l&rsquo;ouverture sup\u00e9rieure : 20 cm<\/li>\n<li>Diam\u00e8tre int\u00e9rieur en fond d&rsquo;ouvrage : 12 cm<\/li>\n<\/ul>\n<p>Notre prix ne comprend pas les frais de port (remise possible sur Paris, sinon contacter <a href=\"https:\/\/www.thepackengers.com\/fr\/contact\" target=\"_blank\" rel=\"noopener\">ThePackengers<\/a>)<\/p>\n","protected":false},"featured_media":7278,"comment_status":"closed","ping_status":"closed","template":"","meta":[],"product_brand":[],"product_cat":[138,139],"product_tag":[],"class_list":{"0":"post-6975","1":"product","2":"type-product","3":"status-publish","4":"has-post-thumbnail","6":"product_cat-antiquites","7":"product_cat-objets-armories","8":"infinite-scroll-item","9":"sales-flash-overlay","10":"woocommerce-text-align-center","11":"woocommerce-image-align-center","12":"do-quantity-buttons","13":"wc-has-gallery","15":"first","16":"instock","17":"purchasable","18":"product-type-simple"},"yoast_head":"<!-- This site is optimized with the Yoast SEO plugin v24.6 - https:\/\/yoast.com\/wordpress\/plugins\/seo\/ -->\n<title>Rafra\u00eechissoir en porcelaine armori\u00e9 de la maison Samson - 150 \u20ac<\/title>\n<meta name=\"description\" content=\"Rafra\u00eechissoir en porcelaine, cr\u00e9ation de la maison Samson en imitation de la Compagnie des Indes, orn\u00e9 d&#039;un blason fantaisiste et de fleurs. Parfait \u00e9tat.\" \/>\n<meta name=\"robots\" content=\"noindex, follow, max-snippet:-1, max-image-preview:large, max-video-preview:-1\" \/>\n<meta property=\"og:locale\" content=\"fr_FR\" \/>\n<meta property=\"og:type\" content=\"article\" \/>\n<meta property=\"og:title\" content=\"Rafra\u00eechissoir en porcelaine armori\u00e9 de la maison Samson - 150 \u20ac\" \/>\n<meta property=\"og:description\" content=\"Rafra\u00eechissoir en porcelaine, cr\u00e9ation de la maison Samson en imitation de la Compagnie des Indes, orn\u00e9 d&#039;un blason fantaisiste et de fleurs. Parfait \u00e9tat.\" \/>\n<meta property=\"og:url\" content=\"https:\/\/liturgia.o2switch.net\/lajussienne-com-sauvegarde-vieux-site\/produit\/rafraichissoir-en-porcelaine-armorie-de-la-maison-samson\/\" \/>\n<meta property=\"og:site_name\" content=\"La Jussienne\" \/>\n<meta property=\"article:modified_time\" content=\"2024-06-17T16:33:54+00:00\" \/>\n<meta property=\"og:image\" content=\"https:\/\/liturgia.o2switch.net\/lajussienne-com-sauvegarde-vieux-site\/wp-content\/uploads\/2023\/10\/Rafraichissoir-en-porcelaine-de-la-maison-Samson-01.jpg\" \/>\n\t<meta property=\"og:image:width\" content=\"768\" \/>\n\t<meta property=\"og:image:height\" content=\"1024\" \/>\n\t<meta property=\"og:image:type\" content=\"image\/jpeg\" \/>\n<meta name=\"twitter:card\" content=\"summary_large_image\" \/>\n<meta name=\"twitter:label1\" content=\"Dur\u00e9e de lecture estim\u00e9e\" \/>\n\t<meta name=\"twitter:data1\" content=\"3 minutes\" \/>\n<script type=\"application\/ld+json\" class=\"yoast-schema-graph\">{\"@context\":\"https:\/\/schema.org\",\"@graph\":[{\"@type\":\"WebPage\",\"@id\":\"https:\/\/liturgia.o2switch.net\/lajussienne-com-sauvegarde-vieux-site\/produit\/rafraichissoir-en-porcelaine-armorie-de-la-maison-samson\/\",\"url\":\"https:\/\/liturgia.o2switch.net\/lajussienne-com-sauvegarde-vieux-site\/produit\/rafraichissoir-en-porcelaine-armorie-de-la-maison-samson\/\",\"name\":\"Rafra\u00eechissoir en porcelaine armori\u00e9 de la maison Samson - 150 \u20ac\",\"isPartOf\":{\"@id\":\"https:\/\/liturgia.o2switch.net\/lajussienne-com-sauvegarde-vieux-site\/#website\"},\"primaryImageOfPage\":{\"@id\":\"https:\/\/liturgia.o2switch.net\/lajussienne-com-sauvegarde-vieux-site\/produit\/rafraichissoir-en-porcelaine-armorie-de-la-maison-samson\/#primaryimage\"},\"image\":{\"@id\":\"https:\/\/liturgia.o2switch.net\/lajussienne-com-sauvegarde-vieux-site\/produit\/rafraichissoir-en-porcelaine-armorie-de-la-maison-samson\/#primaryimage\"},\"thumbnailUrl\":\"https:\/\/liturgia.o2switch.net\/lajussienne-com-sauvegarde-vieux-site\/wp-content\/uploads\/2023\/10\/Rafraichissoir-en-porcelaine-de-la-maison-Samson-01.jpg\",\"datePublished\":\"2023-10-30T14:00:12+00:00\",\"dateModified\":\"2024-06-17T16:33:54+00:00\",\"description\":\"Rafra\u00eechissoir en porcelaine, cr\u00e9ation de la maison Samson en imitation de la Compagnie des Indes, orn\u00e9 d'un blason fantaisiste et de fleurs. Parfait \u00e9tat.\",\"breadcrumb\":{\"@id\":\"https:\/\/liturgia.o2switch.net\/lajussienne-com-sauvegarde-vieux-site\/produit\/rafraichissoir-en-porcelaine-armorie-de-la-maison-samson\/#breadcrumb\"},\"inLanguage\":\"fr-FR\",\"potentialAction\":[{\"@type\":\"ReadAction\",\"target\":[\"https:\/\/liturgia.o2switch.net\/lajussienne-com-sauvegarde-vieux-site\/produit\/rafraichissoir-en-porcelaine-armorie-de-la-maison-samson\/\"]}]},{\"@type\":\"ImageObject\",\"inLanguage\":\"fr-FR\",\"@id\":\"https:\/\/liturgia.o2switch.net\/lajussienne-com-sauvegarde-vieux-site\/produit\/rafraichissoir-en-porcelaine-armorie-de-la-maison-samson\/#primaryimage\",\"url\":\"https:\/\/liturgia.o2switch.net\/lajussienne-com-sauvegarde-vieux-site\/wp-content\/uploads\/2023\/10\/Rafraichissoir-en-porcelaine-de-la-maison-Samson-01.jpg\",\"contentUrl\":\"https:\/\/liturgia.o2switch.net\/lajussienne-com-sauvegarde-vieux-site\/wp-content\/uploads\/2023\/10\/Rafraichissoir-en-porcelaine-de-la-maison-Samson-01.jpg\",\"width\":768,\"height\":1024,\"caption\":\"Rafra\u00eechissoir en porcelaine de la Maison Samson\"},{\"@type\":\"BreadcrumbList\",\"@id\":\"https:\/\/liturgia.o2switch.net\/lajussienne-com-sauvegarde-vieux-site\/produit\/rafraichissoir-en-porcelaine-armorie-de-la-maison-samson\/#breadcrumb\",\"itemListElement\":[{\"@type\":\"ListItem\",\"position\":1,\"name\":\"Accueil\",\"item\":\"https:\/\/liturgia.o2switch.net\/lajussienne-com-sauvegarde-vieux-site\/\"},{\"@type\":\"ListItem\",\"position\":2,\"name\":\"Boutique\",\"item\":\"https:\/\/liturgia.o2switch.net\/lajussienne-com-sauvegarde-vieux-site\/boutique\/\"},{\"@type\":\"ListItem\",\"position\":3,\"name\":\"Rafra\u00eechissoir en porcelaine armori\u00e9 de la maison Samson\"}]},{\"@type\":\"WebSite\",\"@id\":\"https:\/\/liturgia.o2switch.net\/lajussienne-com-sauvegarde-vieux-site\/#website\",\"url\":\"https:\/\/liturgia.o2switch.net\/lajussienne-com-sauvegarde-vieux-site\/\",\"name\":\"La Jussienne\",\"description\":\"Un art de vivre \u00e0 la fran\u00e7aise\",\"potentialAction\":[{\"@type\":\"SearchAction\",\"target\":{\"@type\":\"EntryPoint\",\"urlTemplate\":\"https:\/\/liturgia.o2switch.net\/lajussienne-com-sauvegarde-vieux-site\/?s={search_term_string}\"},\"query-input\":{\"@type\":\"PropertyValueSpecification\",\"valueRequired\":true,\"valueName\":\"search_term_string\"}}],\"inLanguage\":\"fr-FR\"}]}<\/script>\n<!-- \/ Yoast SEO plugin. -->","yoast_head_json":{"title":"Rafra\u00eechissoir en porcelaine armori\u00e9 de la maison Samson - 150 \u20ac","description":"Rafra\u00eechissoir en porcelaine, cr\u00e9ation de la maison Samson en imitation de la Compagnie des Indes, orn\u00e9 d'un blason fantaisiste et de fleurs. Parfait \u00e9tat.","robots":{"index":"noindex","follow":"follow","max-snippet":"max-snippet:-1","max-image-preview":"max-image-preview:large","max-video-preview":"max-video-preview:-1"},"og_locale":"fr_FR","og_type":"article","og_title":"Rafra\u00eechissoir en porcelaine armori\u00e9 de la maison Samson - 150 \u20ac","og_description":"Rafra\u00eechissoir en porcelaine, cr\u00e9ation de la maison Samson en imitation de la Compagnie des Indes, orn\u00e9 d'un blason fantaisiste et de fleurs. Parfait \u00e9tat.","og_url":"https:\/\/liturgia.o2switch.net\/lajussienne-com-sauvegarde-vieux-site\/produit\/rafraichissoir-en-porcelaine-armorie-de-la-maison-samson\/","og_site_name":"La Jussienne","article_modified_time":"2024-06-17T16:33:54+00:00","og_image":[{"width":768,"height":1024,"url":"https:\/\/liturgia.o2switch.net\/lajussienne-com-sauvegarde-vieux-site\/wp-content\/uploads\/2023\/10\/Rafraichissoir-en-porcelaine-de-la-maison-Samson-01.jpg","type":"image\/jpeg"}],"twitter_card":"summary_large_image","twitter_misc":{"Dur\u00e9e de lecture estim\u00e9e":"3 minutes"},"schema":{"@context":"https:\/\/schema.org","@graph":[{"@type":"WebPage","@id":"https:\/\/liturgia.o2switch.net\/lajussienne-com-sauvegarde-vieux-site\/produit\/rafraichissoir-en-porcelaine-armorie-de-la-maison-samson\/","url":"https:\/\/liturgia.o2switch.net\/lajussienne-com-sauvegarde-vieux-site\/produit\/rafraichissoir-en-porcelaine-armorie-de-la-maison-samson\/","name":"Rafra\u00eechissoir en porcelaine armori\u00e9 de la maison Samson - 150 \u20ac","isPartOf":{"@id":"https:\/\/liturgia.o2switch.net\/lajussienne-com-sauvegarde-vieux-site\/#website"},"primaryImageOfPage":{"@id":"https:\/\/liturgia.o2switch.net\/lajussienne-com-sauvegarde-vieux-site\/produit\/rafraichissoir-en-porcelaine-armorie-de-la-maison-samson\/#primaryimage"},"image":{"@id":"https:\/\/liturgia.o2switch.net\/lajussienne-com-sauvegarde-vieux-site\/produit\/rafraichissoir-en-porcelaine-armorie-de-la-maison-samson\/#primaryimage"},"thumbnailUrl":"https:\/\/liturgia.o2switch.net\/lajussienne-com-sauvegarde-vieux-site\/wp-content\/uploads\/2023\/10\/Rafraichissoir-en-porcelaine-de-la-maison-Samson-01.jpg","datePublished":"2023-10-30T14:00:12+00:00","dateModified":"2024-06-17T16:33:54+00:00","description":"Rafra\u00eechissoir en porcelaine, cr\u00e9ation de la maison Samson en imitation de la Compagnie des Indes, orn\u00e9 d'un blason fantaisiste et de fleurs. Parfait \u00e9tat.","breadcrumb":{"@id":"https:\/\/liturgia.o2switch.net\/lajussienne-com-sauvegarde-vieux-site\/produit\/rafraichissoir-en-porcelaine-armorie-de-la-maison-samson\/#breadcrumb"},"inLanguage":"fr-FR","potentialAction":[{"@type":"ReadAction","target":["https:\/\/liturgia.o2switch.net\/lajussienne-com-sauvegarde-vieux-site\/produit\/rafraichissoir-en-porcelaine-armorie-de-la-maison-samson\/"]}]},{"@type":"ImageObject","inLanguage":"fr-FR","@id":"https:\/\/liturgia.o2switch.net\/lajussienne-com-sauvegarde-vieux-site\/produit\/rafraichissoir-en-porcelaine-armorie-de-la-maison-samson\/#primaryimage","url":"https:\/\/liturgia.o2switch.net\/lajussienne-com-sauvegarde-vieux-site\/wp-content\/uploads\/2023\/10\/Rafraichissoir-en-porcelaine-de-la-maison-Samson-01.jpg","contentUrl":"https:\/\/liturgia.o2switch.net\/lajussienne-com-sauvegarde-vieux-site\/wp-content\/uploads\/2023\/10\/Rafraichissoir-en-porcelaine-de-la-maison-Samson-01.jpg","width":768,"height":1024,"caption":"Rafra\u00eechissoir en porcelaine de la Maison Samson"},{"@type":"BreadcrumbList","@id":"https:\/\/liturgia.o2switch.net\/lajussienne-com-sauvegarde-vieux-site\/produit\/rafraichissoir-en-porcelaine-armorie-de-la-maison-samson\/#breadcrumb","itemListElement":[{"@type":"ListItem","position":1,"name":"Accueil","item":"https:\/\/liturgia.o2switch.net\/lajussienne-com-sauvegarde-vieux-site\/"},{"@type":"ListItem","position":2,"name":"Boutique","item":"https:\/\/liturgia.o2switch.net\/lajussienne-com-sauvegarde-vieux-site\/boutique\/"},{"@type":"ListItem","position":3,"name":"Rafra\u00eechissoir en porcelaine armori\u00e9 de la maison Samson"}]},{"@type":"WebSite","@id":"https:\/\/liturgia.o2switch.net\/lajussienne-com-sauvegarde-vieux-site\/#website","url":"https:\/\/liturgia.o2switch.net\/lajussienne-com-sauvegarde-vieux-site\/","name":"La Jussienne","description":"Un art de vivre \u00e0 la fran\u00e7aise","potentialAction":[{"@type":"SearchAction","target":{"@type":"EntryPoint","urlTemplate":"https:\/\/liturgia.o2switch.net\/lajussienne-com-sauvegarde-vieux-site\/?s={search_term_string}"},"query-input":{"@type":"PropertyValueSpecification","valueRequired":true,"valueName":"search_term_string"}}],"inLanguage":"fr-FR"}]}},"_links":{"self":[{"href":"https:\/\/liturgia.o2switch.net\/lajussienne-com-sauvegarde-vieux-site\/wp-json\/wp\/v2\/product\/6975","targetHints":{"allow":["GET"]}}],"collection":[{"href":"https:\/\/liturgia.o2switch.net\/lajussienne-com-sauvegarde-vieux-site\/wp-json\/wp\/v2\/product"}],"about":[{"href":"https:\/\/liturgia.o2switch.net\/lajussienne-com-sauvegarde-vieux-site\/wp-json\/wp\/v2\/types\/product"}],"replies":[{"embeddable":true,"href":"https:\/\/liturgia.o2switch.net\/lajussienne-com-sauvegarde-vieux-site\/wp-json\/wp\/v2\/comments?post=6975"}],"version-history":[{"count":9,"href":"https:\/\/liturgia.o2switch.net\/lajussienne-com-sauvegarde-vieux-site\/wp-json\/wp\/v2\/product\/6975\/revisions"}],"predecessor-version":[{"id":7293,"href":"https:\/\/liturgia.o2switch.net\/lajussienne-com-sauvegarde-vieux-site\/wp-json\/wp\/v2\/product\/6975\/revisions\/7293"}],"wp:featuredmedia":[{"embeddable":true,"href":"https:\/\/liturgia.o2switch.net\/lajussienne-com-sauvegarde-vieux-site\/wp-json\/wp\/v2\/media\/7278"}],"wp:attachment":[{"href":"https:\/\/liturgia.o2switch.net\/lajussienne-com-sauvegarde-vieux-site\/wp-json\/wp\/v2\/media?parent=6975"}],"wp:term":[{"taxonomy":"product_brand","embeddable":true,"href":"https:\/\/liturgia.o2switch.net\/lajussienne-com-sauvegarde-vieux-site\/wp-json\/wp\/v2\/product_brand?post=6975"},{"taxonomy":"product_cat","embeddable":true,"href":"https:\/\/liturgia.o2switch.net\/lajussienne-com-sauvegarde-vieux-site\/wp-json\/wp\/v2\/product_cat?post=6975"},{"taxonomy":"product_tag","embeddable":true,"href":"https:\/\/liturgia.o2switch.net\/lajussienne-com-sauvegarde-vieux-site\/wp-json\/wp\/v2\/product_tag?post=6975"}],"curies":[{"name":"wp","href":"https:\/\/api.w.org\/{rel}","templated":true}]}}