{"id":6984,"date":"2023-10-30T17:49:08","date_gmt":"2023-10-30T17:49:08","guid":{"rendered":"https:\/\/liturgia.o2switch.net\/lajussienne-com-sauvegarde-vieux-site\/?post_type=product&#038;p=6984"},"modified":"2023-11-15T09:21:18","modified_gmt":"2023-11-15T09:21:18","slug":"paire-de-chaises-italiennes-depoque-xviiieme","status":"publish","type":"product","link":"https:\/\/liturgia.o2switch.net\/lajussienne-com-sauvegarde-vieux-site\/produit\/paire-de-chaises-italiennes-depoque-xviiieme\/","title":{"rendered":"Paire de chaises italiennes d&rsquo;\u00e9poque XVIII\u00e8me"},"content":{"rendered":"<p>Authentique <strong>paire de chaises italiennes d&rsquo;\u00e9poque XVIII<sup>\u00e8me<\/sup> si\u00e8cle<\/strong> en bois naturel moulur\u00e9 et sculpt\u00e9, orn\u00e9 de rocailles et de sculptures florales.<\/p>\n<ul>Dimensions :<\/p>\n<li>Hauteur : 91 cm<\/li>\n<li>Largeur : 50 cm<\/li>\n<li>Hauteur d&rsquo;assise : 49 cm<\/li>\n<li>Profondeur : 49 cm<\/li>\n<\/ul>\n<p>Les hauts des dossier sont en chapeau de gendarmes, chacun orn\u00e9 en son centre d&rsquo;une sculpture de rinceaux tripartite. Ces dossiers ont une forme \u00e9vas\u00e9e vers le bas assez originale. On notera la pr\u00e9sence des fortes coquilles accompagn\u00e9es de rinceaux &#8211; sculptures vigoureuses pr\u00e9sentant une belle profondeur de relief &#8211; sur le milieu de la ceinture de l&rsquo;assise des chaises, ainsi que sur les deux pieds ant\u00e9rieurs. La ceinture pr\u00e9sente de hauts c\u00f4t\u00e9s lat\u00e9raux, moulur\u00e9s comme l&rsquo;ensemble du meuble. On remarquera encore les terminaisons en escargots sur les quatre pieds de cette paire de chaises italiennes qui accommodent ainsi les sculptures habituelles du style Louis XV dans le go\u00fbt de l&rsquo;Italie du milieu du XVIII<sup>\u00e8me<\/sup> si\u00e8cle. Les assises sont trap\u00e9zo\u00efdales et bien rembourr\u00e9es.<\/p>\n<p>Les chaises Louis XV fabriqu\u00e9es en Italie au XVIII<sup>\u00e8me<\/sup> si\u00e8cle suivaient les tendances stylistiques en vogue en France \u00e0 cette \u00e9poque, mais avec une pr\u00e9dilection pour des d\u00e9tails plus rococo. Elles pr\u00e9sentaient des caract\u00e9ristiques typiques du style Louis XV, comme des courbes gracieuses, des formes organiques, des ornements d\u00e9licats, des motifs floraux, des coquilles, et des rocailles. Bien que fortement influenc\u00e9es par le style fran\u00e7ais du r\u00e8gne de Louis XV, les chaises italiennes poss\u00e8dent ainsi leur identit\u00e9 propre.<\/p>\n<p>Les meubles de style Louis XV fabriqu\u00e9s en Italie &#8211; particuli\u00e8rement \u00e0 G\u00e8nes, Turin ou Milan &#8211; \u00e9taient export\u00e9s dans toute l&rsquo;Europe, et ils \u00e9taient pris\u00e9s par la noblesse et la bourgeoisie ais\u00e9e. La provenance italienne pouvait ajouter une certaine distinction et une valeur suppl\u00e9mentaire \u00e0 ces meubles.<\/p>\n<p><a href=\"https:\/\/liturgia.o2switch.net\/lajussienne-com-sauvegarde-vieux-site\/categorie-produit\/antiquites\/chaises-fauteuils\/\" rel=\"noopener\">Retrouvez nos autres si\u00e8ges et fauteuils disponibles sur les Antiquit\u00e9s de La Jussienne<\/a>.<\/p>\n<p>Notre prix ne comprend pas les frais de port (remise possible sur Paris, sinon contacter par exemple <a href=\"https:\/\/www.thepackengers.com\/fr\/contact\" target=\"_blank\" rel=\"noopener\">ThePackengers<\/a>)<\/p>\n","protected":false},"excerpt":{"rendered":"<p>El\u00e9gantes et rare paire de chaises d&rsquo;\u00e9poque Louis XV &#8211; travail italien.<br \/>\nMod\u00e8le tr\u00e8s original.<br \/>\nGarniture confortable et tissu en bon \u00e9tat.<\/p>\n<ul>Dimensions :<\/p>\n<li>Hauteur : 91 cm<\/li>\n<li>Largeur : 50 cm<\/li>\n<li>Hauteur d&rsquo;assise : 49 cm<\/li>\n<li>Profondeur : 49 cm<\/li>\n<\/ul>\n<p>Notre prix ne comprend pas les frais de port (remise possible sur Paris, sinon contacter <a href=\"https:\/\/www.thepackengers.com\/fr\/contact\" target=\"_blank\" rel=\"noopener\">ThePackengers<\/a>)<\/p>\n","protected":false},"featured_media":6998,"comment_status":"closed","ping_status":"closed","template":"","meta":[],"product_brand":[],"product_cat":[138,140],"product_tag":[],"class_list":{"0":"post-6984","1":"product","2":"type-product","3":"status-publish","4":"has-post-thumbnail","6":"product_cat-antiquites","7":"product_cat-chaises-fauteuils","8":"infinite-scroll-item","9":"sales-flash-overlay","10":"woocommerce-text-align-center","11":"woocommerce-image-align-center","12":"do-quantity-buttons","14":"first","15":"instock","16":"virtual","17":"purchasable","18":"product-type-simple"},"yoast_head":"<!-- This site is optimized with the Yoast SEO plugin v24.6 - https:\/\/yoast.com\/wordpress\/plugins\/seo\/ -->\n<title>Paire de chaises italiennes d&#039;\u00e9poque XVIII\u00e8me - Antiquit\u00e9 - 1030 \u20ac<\/title>\n<meta name=\"description\" content=\"Belle paire de chaises italiennes d&#039;\u00e9poque XVIII\u00e8me, r\u00e9interpr\u00e9tation locale originale du style Louis XV mod\u00e8le tr\u00e8s original en provenance d&#039;Italie du Nord\" \/>\n<meta name=\"robots\" content=\"noindex, follow, max-snippet:-1, max-image-preview:large, max-video-preview:-1\" \/>\n<meta property=\"og:locale\" content=\"fr_FR\" \/>\n<meta property=\"og:type\" content=\"article\" \/>\n<meta property=\"og:title\" content=\"Paire de chaises italiennes d&#039;\u00e9poque XVIII\u00e8me - Antiquit\u00e9 - 1030 \u20ac\" \/>\n<meta property=\"og:description\" content=\"Belle paire de chaises italiennes d&#039;\u00e9poque XVIII\u00e8me, r\u00e9interpr\u00e9tation locale originale du style Louis XV mod\u00e8le tr\u00e8s original en provenance d&#039;Italie du Nord\" \/>\n<meta property=\"og:url\" content=\"https:\/\/liturgia.o2switch.net\/lajussienne-com-sauvegarde-vieux-site\/produit\/paire-de-chaises-italiennes-depoque-xviiieme\/\" \/>\n<meta property=\"og:site_name\" content=\"La Jussienne\" \/>\n<meta property=\"article:modified_time\" content=\"2023-11-15T09:21:18+00:00\" \/>\n<meta property=\"og:image\" content=\"https:\/\/liturgia.o2switch.net\/lajussienne-com-sauvegarde-vieux-site\/wp-content\/uploads\/2023\/10\/Paire-de-chaises-italiennes-d-epoque-XVIIIeme.jpg\" \/>\n\t<meta property=\"og:image:width\" content=\"1200\" \/>\n\t<meta property=\"og:image:height\" content=\"1600\" \/>\n\t<meta property=\"og:image:type\" content=\"image\/jpeg\" \/>\n<meta name=\"twitter:card\" content=\"summary_large_image\" \/>\n<meta name=\"twitter:label1\" content=\"Dur\u00e9e de lecture estim\u00e9e\" \/>\n\t<meta name=\"twitter:data1\" content=\"2 minutes\" \/>\n<script type=\"application\/ld+json\" class=\"yoast-schema-graph\">{\"@context\":\"https:\/\/schema.org\",\"@graph\":[{\"@type\":\"WebPage\",\"@id\":\"https:\/\/liturgia.o2switch.net\/lajussienne-com-sauvegarde-vieux-site\/produit\/paire-de-chaises-italiennes-depoque-xviiieme\/\",\"url\":\"https:\/\/liturgia.o2switch.net\/lajussienne-com-sauvegarde-vieux-site\/produit\/paire-de-chaises-italiennes-depoque-xviiieme\/\",\"name\":\"Paire de chaises italiennes d'\u00e9poque XVIII\u00e8me - Antiquit\u00e9 - 1030 \u20ac\",\"isPartOf\":{\"@id\":\"https:\/\/liturgia.o2switch.net\/lajussienne-com-sauvegarde-vieux-site\/#website\"},\"primaryImageOfPage\":{\"@id\":\"https:\/\/liturgia.o2switch.net\/lajussienne-com-sauvegarde-vieux-site\/produit\/paire-de-chaises-italiennes-depoque-xviiieme\/#primaryimage\"},\"image\":{\"@id\":\"https:\/\/liturgia.o2switch.net\/lajussienne-com-sauvegarde-vieux-site\/produit\/paire-de-chaises-italiennes-depoque-xviiieme\/#primaryimage\"},\"thumbnailUrl\":\"https:\/\/liturgia.o2switch.net\/lajussienne-com-sauvegarde-vieux-site\/wp-content\/uploads\/2023\/10\/Paire-de-chaises-italiennes-d-epoque-XVIIIeme.jpg\",\"datePublished\":\"2023-10-30T17:49:08+00:00\",\"dateModified\":\"2023-11-15T09:21:18+00:00\",\"description\":\"Belle paire de chaises italiennes d'\u00e9poque XVIII\u00e8me, r\u00e9interpr\u00e9tation locale originale du style Louis XV mod\u00e8le tr\u00e8s original en provenance d'Italie du Nord\",\"breadcrumb\":{\"@id\":\"https:\/\/liturgia.o2switch.net\/lajussienne-com-sauvegarde-vieux-site\/produit\/paire-de-chaises-italiennes-depoque-xviiieme\/#breadcrumb\"},\"inLanguage\":\"fr-FR\",\"potentialAction\":[{\"@type\":\"ReadAction\",\"target\":[\"https:\/\/liturgia.o2switch.net\/lajussienne-com-sauvegarde-vieux-site\/produit\/paire-de-chaises-italiennes-depoque-xviiieme\/\"]}]},{\"@type\":\"ImageObject\",\"inLanguage\":\"fr-FR\",\"@id\":\"https:\/\/liturgia.o2switch.net\/lajussienne-com-sauvegarde-vieux-site\/produit\/paire-de-chaises-italiennes-depoque-xviiieme\/#primaryimage\",\"url\":\"https:\/\/liturgia.o2switch.net\/lajussienne-com-sauvegarde-vieux-site\/wp-content\/uploads\/2023\/10\/Paire-de-chaises-italiennes-d-epoque-XVIIIeme.jpg\",\"contentUrl\":\"https:\/\/liturgia.o2switch.net\/lajussienne-com-sauvegarde-vieux-site\/wp-content\/uploads\/2023\/10\/Paire-de-chaises-italiennes-d-epoque-XVIIIeme.jpg\",\"width\":1200,\"height\":1600,\"caption\":\"Belle paire de chaises italiennes d'\u00e9poque XVIII\u00e8me\"},{\"@type\":\"BreadcrumbList\",\"@id\":\"https:\/\/liturgia.o2switch.net\/lajussienne-com-sauvegarde-vieux-site\/produit\/paire-de-chaises-italiennes-depoque-xviiieme\/#breadcrumb\",\"itemListElement\":[{\"@type\":\"ListItem\",\"position\":1,\"name\":\"Accueil\",\"item\":\"https:\/\/liturgia.o2switch.net\/lajussienne-com-sauvegarde-vieux-site\/\"},{\"@type\":\"ListItem\",\"position\":2,\"name\":\"Boutique\",\"item\":\"https:\/\/liturgia.o2switch.net\/lajussienne-com-sauvegarde-vieux-site\/boutique\/\"},{\"@type\":\"ListItem\",\"position\":3,\"name\":\"Paire de chaises italiennes d&rsquo;\u00e9poque XVIII\u00e8me\"}]},{\"@type\":\"WebSite\",\"@id\":\"https:\/\/liturgia.o2switch.net\/lajussienne-com-sauvegarde-vieux-site\/#website\",\"url\":\"https:\/\/liturgia.o2switch.net\/lajussienne-com-sauvegarde-vieux-site\/\",\"name\":\"La Jussienne\",\"description\":\"Un art de vivre \u00e0 la fran\u00e7aise\",\"potentialAction\":[{\"@type\":\"SearchAction\",\"target\":{\"@type\":\"EntryPoint\",\"urlTemplate\":\"https:\/\/liturgia.o2switch.net\/lajussienne-com-sauvegarde-vieux-site\/?s={search_term_string}\"},\"query-input\":{\"@type\":\"PropertyValueSpecification\",\"valueRequired\":true,\"valueName\":\"search_term_string\"}}],\"inLanguage\":\"fr-FR\"}]}<\/script>\n<!-- \/ Yoast SEO plugin. -->","yoast_head_json":{"title":"Paire de chaises italiennes d'\u00e9poque XVIII\u00e8me - Antiquit\u00e9 - 1030 \u20ac","description":"Belle paire de chaises italiennes d'\u00e9poque XVIII\u00e8me, r\u00e9interpr\u00e9tation locale originale du style Louis XV mod\u00e8le tr\u00e8s original en provenance d'Italie du Nord","robots":{"index":"noindex","follow":"follow","max-snippet":"max-snippet:-1","max-image-preview":"max-image-preview:large","max-video-preview":"max-video-preview:-1"},"og_locale":"fr_FR","og_type":"article","og_title":"Paire de chaises italiennes d'\u00e9poque XVIII\u00e8me - Antiquit\u00e9 - 1030 \u20ac","og_description":"Belle paire de chaises italiennes d'\u00e9poque XVIII\u00e8me, r\u00e9interpr\u00e9tation locale originale du style Louis XV mod\u00e8le tr\u00e8s original en provenance d'Italie du Nord","og_url":"https:\/\/liturgia.o2switch.net\/lajussienne-com-sauvegarde-vieux-site\/produit\/paire-de-chaises-italiennes-depoque-xviiieme\/","og_site_name":"La Jussienne","article_modified_time":"2023-11-15T09:21:18+00:00","og_image":[{"width":1200,"height":1600,"url":"https:\/\/liturgia.o2switch.net\/lajussienne-com-sauvegarde-vieux-site\/wp-content\/uploads\/2023\/10\/Paire-de-chaises-italiennes-d-epoque-XVIIIeme.jpg","type":"image\/jpeg"}],"twitter_card":"summary_large_image","twitter_misc":{"Dur\u00e9e de lecture estim\u00e9e":"2 minutes"},"schema":{"@context":"https:\/\/schema.org","@graph":[{"@type":"WebPage","@id":"https:\/\/liturgia.o2switch.net\/lajussienne-com-sauvegarde-vieux-site\/produit\/paire-de-chaises-italiennes-depoque-xviiieme\/","url":"https:\/\/liturgia.o2switch.net\/lajussienne-com-sauvegarde-vieux-site\/produit\/paire-de-chaises-italiennes-depoque-xviiieme\/","name":"Paire de chaises italiennes d'\u00e9poque XVIII\u00e8me - Antiquit\u00e9 - 1030 \u20ac","isPartOf":{"@id":"https:\/\/liturgia.o2switch.net\/lajussienne-com-sauvegarde-vieux-site\/#website"},"primaryImageOfPage":{"@id":"https:\/\/liturgia.o2switch.net\/lajussienne-com-sauvegarde-vieux-site\/produit\/paire-de-chaises-italiennes-depoque-xviiieme\/#primaryimage"},"image":{"@id":"https:\/\/liturgia.o2switch.net\/lajussienne-com-sauvegarde-vieux-site\/produit\/paire-de-chaises-italiennes-depoque-xviiieme\/#primaryimage"},"thumbnailUrl":"https:\/\/liturgia.o2switch.net\/lajussienne-com-sauvegarde-vieux-site\/wp-content\/uploads\/2023\/10\/Paire-de-chaises-italiennes-d-epoque-XVIIIeme.jpg","datePublished":"2023-10-30T17:49:08+00:00","dateModified":"2023-11-15T09:21:18+00:00","description":"Belle paire de chaises italiennes d'\u00e9poque XVIII\u00e8me, r\u00e9interpr\u00e9tation locale originale du style Louis XV mod\u00e8le tr\u00e8s original en provenance d'Italie du Nord","breadcrumb":{"@id":"https:\/\/liturgia.o2switch.net\/lajussienne-com-sauvegarde-vieux-site\/produit\/paire-de-chaises-italiennes-depoque-xviiieme\/#breadcrumb"},"inLanguage":"fr-FR","potentialAction":[{"@type":"ReadAction","target":["https:\/\/liturgia.o2switch.net\/lajussienne-com-sauvegarde-vieux-site\/produit\/paire-de-chaises-italiennes-depoque-xviiieme\/"]}]},{"@type":"ImageObject","inLanguage":"fr-FR","@id":"https:\/\/liturgia.o2switch.net\/lajussienne-com-sauvegarde-vieux-site\/produit\/paire-de-chaises-italiennes-depoque-xviiieme\/#primaryimage","url":"https:\/\/liturgia.o2switch.net\/lajussienne-com-sauvegarde-vieux-site\/wp-content\/uploads\/2023\/10\/Paire-de-chaises-italiennes-d-epoque-XVIIIeme.jpg","contentUrl":"https:\/\/liturgia.o2switch.net\/lajussienne-com-sauvegarde-vieux-site\/wp-content\/uploads\/2023\/10\/Paire-de-chaises-italiennes-d-epoque-XVIIIeme.jpg","width":1200,"height":1600,"caption":"Belle paire de chaises italiennes d'\u00e9poque XVIII\u00e8me"},{"@type":"BreadcrumbList","@id":"https:\/\/liturgia.o2switch.net\/lajussienne-com-sauvegarde-vieux-site\/produit\/paire-de-chaises-italiennes-depoque-xviiieme\/#breadcrumb","itemListElement":[{"@type":"ListItem","position":1,"name":"Accueil","item":"https:\/\/liturgia.o2switch.net\/lajussienne-com-sauvegarde-vieux-site\/"},{"@type":"ListItem","position":2,"name":"Boutique","item":"https:\/\/liturgia.o2switch.net\/lajussienne-com-sauvegarde-vieux-site\/boutique\/"},{"@type":"ListItem","position":3,"name":"Paire de chaises italiennes d&rsquo;\u00e9poque XVIII\u00e8me"}]},{"@type":"WebSite","@id":"https:\/\/liturgia.o2switch.net\/lajussienne-com-sauvegarde-vieux-site\/#website","url":"https:\/\/liturgia.o2switch.net\/lajussienne-com-sauvegarde-vieux-site\/","name":"La Jussienne","description":"Un art de vivre \u00e0 la fran\u00e7aise","potentialAction":[{"@type":"SearchAction","target":{"@type":"EntryPoint","urlTemplate":"https:\/\/liturgia.o2switch.net\/lajussienne-com-sauvegarde-vieux-site\/?s={search_term_string}"},"query-input":{"@type":"PropertyValueSpecification","valueRequired":true,"valueName":"search_term_string"}}],"inLanguage":"fr-FR"}]}},"_links":{"self":[{"href":"https:\/\/liturgia.o2switch.net\/lajussienne-com-sauvegarde-vieux-site\/wp-json\/wp\/v2\/product\/6984","targetHints":{"allow":["GET"]}}],"collection":[{"href":"https:\/\/liturgia.o2switch.net\/lajussienne-com-sauvegarde-vieux-site\/wp-json\/wp\/v2\/product"}],"about":[{"href":"https:\/\/liturgia.o2switch.net\/lajussienne-com-sauvegarde-vieux-site\/wp-json\/wp\/v2\/types\/product"}],"replies":[{"embeddable":true,"href":"https:\/\/liturgia.o2switch.net\/lajussienne-com-sauvegarde-vieux-site\/wp-json\/wp\/v2\/comments?post=6984"}],"version-history":[{"count":10,"href":"https:\/\/liturgia.o2switch.net\/lajussienne-com-sauvegarde-vieux-site\/wp-json\/wp\/v2\/product\/6984\/revisions"}],"predecessor-version":[{"id":7017,"href":"https:\/\/liturgia.o2switch.net\/lajussienne-com-sauvegarde-vieux-site\/wp-json\/wp\/v2\/product\/6984\/revisions\/7017"}],"wp:featuredmedia":[{"embeddable":true,"href":"https:\/\/liturgia.o2switch.net\/lajussienne-com-sauvegarde-vieux-site\/wp-json\/wp\/v2\/media\/6998"}],"wp:attachment":[{"href":"https:\/\/liturgia.o2switch.net\/lajussienne-com-sauvegarde-vieux-site\/wp-json\/wp\/v2\/media?parent=6984"}],"wp:term":[{"taxonomy":"product_brand","embeddable":true,"href":"https:\/\/liturgia.o2switch.net\/lajussienne-com-sauvegarde-vieux-site\/wp-json\/wp\/v2\/product_brand?post=6984"},{"taxonomy":"product_cat","embeddable":true,"href":"https:\/\/liturgia.o2switch.net\/lajussienne-com-sauvegarde-vieux-site\/wp-json\/wp\/v2\/product_cat?post=6984"},{"taxonomy":"product_tag","embeddable":true,"href":"https:\/\/liturgia.o2switch.net\/lajussienne-com-sauvegarde-vieux-site\/wp-json\/wp\/v2\/product_tag?post=6984"}],"curies":[{"name":"wp","href":"https:\/\/api.w.org\/{rel}","templated":true}]}}